{"id":16,"date":"2026-01-29T12:04:53","date_gmt":"2026-01-29T12:04:53","guid":{"rendered":"https:\/\/rafossfoto.no\/?page_id=16"},"modified":"2026-01-29T19:15:13","modified_gmt":"2026-01-29T19:15:13","slug":"om-meg","status":"publish","type":"page","link":"https:\/\/rafossfoto.no\/?page_id=16","title":{"rendered":"Om meg"},"content":{"rendered":"<p>&nbsp;<\/p>\n<p style=\"text-align: center;\"><em><span dir=\"auto\">Mitt navn er Jan Ivar Rafoss. Jeg er innehaver av Rafoss Foto som siden 2012 har drevet med salg av bilder til mediehus. Jeg har siden jeg var liten v\u00e6rt glad i \u00e5 ta bilder. Naturbilder er det jeg liker mest \u00e5 ta, og jeg har alltid hatt en trang til \u00e5 f\u00e5 frem gleder hos andre med mine bilder. Jeg begynte \u00e5 interessere meg ganske tidlig og inns\u00e5 at dette var noe for meg. Jeg etablerte meg etter hvert som freelancer og fotograf p\u00e5 S\u00f8rlandet. Som freelancer opplever en mye rart i hverdagen og det er helt fantastisk, men i lille Norge er ikke stort nok til \u00e5 br\u00f8df\u00f8 meg med fotografering siden det er s\u00e5 mange som holder p\u00e5 med det. Til tross for at jeg etter hvert utvidet mitt tjenestespekter med st\u00f8rre omr\u00e5de s\u00e5 er det ikke lett \u00e5 drive i denne bransjen, s\u00e5 jeg har en jobb som sj\u00e5f\u00f8r ved siden av for \u00e5 f\u00e5 endene til \u00e5 m\u00f8tes.<\/span><\/em><\/p>\n<div data-test='contact-form'\n\t\t\tid='contact-form-16'\n\t\t\tclass='jetpack-contact-form-container '\n\t\t\tdata-wp-interactive='jetpack\/form' data-wp-context='{\"formId\":\"16\",\"formHash\":\"deb7853a5051f0ff9994b73e0b11d36b4f9283cb\",\"showErrors\":false,\"errors\":[],\"fields\":[],\"isMultiStep\":false,\"useAjax\":true,\"submissionData\":null,\"formattedSubmissionData\":[],\"submissionSuccess\":false,\"submissionError\":null,\"elementId\":\"jp-form-deb7853a5051f0ff9994b73e0b11d36b4f9283cb\",\"isSingleInputForm\":false,\"isForcedHorizontal\":false}'\n\t\t\tdata-wp-watch--scroll-to-wrapper=\"callbacks.scrollToWrapper\"\n\t\t>\n<div class=\"contact-form-submission contact-form-ajax-submission\" data-wp-bind--aria-hidden=\"state.isSuccessMessageAriaHidden\" data-wp-class--submission-success=\"context.submissionSuccess\" id=\"contact-form-success-deb7853a5051f0ff9994b73e0b11d36b4f9283cb\" tabindex=\"-1\" aria-labelledby=\"contact-form-success-header-deb7853a5051f0ff9994b73e0b11d36b4f9283cb\"><p class=\"go-back-message\"><a class=\"link\" role=\"button\" tabindex=\"0\" data-wp-on--click=\"actions.goBack\" href=\"\/index.php?rest_route=%2Fwp%2Fv2%2Fpages%2F16\">\u2190 Tilbake<\/a><\/p><h4 data-wp-bind--aria-hidden=\"state.isSuccessMessageAriaHidden\" id=\"contact-form-success-header-deb7853a5051f0ff9994b73e0b11d36b4f9283cb\">Takk for din tilbakemelding. \u2728<\/h4>\n\n<template data-wp-each--submission=\"context.formattedSubmissionData\">\n\t\t\t\t\t<div class=\"jetpack_forms_contact-form-success-summary\">\n\t\t\t\t\t\t<div class=\"field-name-wrapper\">\n\t\t\t\t\t\t\t<div class=\"field-type-icon\" data-wp-watch=\"callbacks.watchFieldTypeIcon\"><\/div>\n\t\t\t\t\t\t\t<div class=\"field-name\" data-wp-text=\"context.submission.label\" data-wp-bind--hidden=\"!context.submission.label\"><\/div>\n\t\t\t\t\t\t<\/div>\n\t\t\t\t\t\t<div class=\"field-value\" data-wp-text=\"context.submission.value\" data-wp-bind--hidden=\"!context.submission.showPlainValue\"><\/div>\n\t\t\t\t\t\t<a class=\"field-url\" data-wp-bind--href=\"context.submission.url\" data-wp-text=\"context.submission.value\" data-wp-bind--hidden=\"!context.submission.url\" target=\"_blank\" rel=\"noopener noreferrer\"><\/a>\n\t\t\t\t\t\t<div class=\"field-rating\" data-wp-bind--hidden=\"!context.submission.rating\" data-wp-watch=\"callbacks.watchRatingIcons\"><\/div>\n\t\t\t\t\t\t<div class=\"field-images\" data-wp-bind--hidden=\"!context.submission.images\">\n\t\t\t\t\t\t\t<template data-wp-each--image=\"context.submission.images\">\n\t\t\t\t\t\t\t\t<div class=\"field-image-option\" data-wp-class--is-empty=\"!context.image.src\">\n\t\t\t\t\t\t\t\t\t<figure class=\"field-image-option__image\" data-wp-class--is-empty=\"!context.image.src\">\n\t\t\t\t\t\t\t\t\t\t<img data-wp-bind--src=\"context.image.src\" data-wp-bind--hidden=\"!context.image.src\" \/>\n\t\t\t\t\t\t\t\t\t\t<img decoding=\"async\" src=\"data:image\/gif;base64,R0lGODlhAQABAAD\/ACwAAAAAAQABAAACADs=\" data-wp-bind--hidden=\"context.image.src\" \/>\n\t\t\t\t\t\t\t\t\t<\/figure>\n\t\t\t\t\t\t\t\t\t<div class=\"field-image-option__label-wrapper\">\n\t\t\t\t\t\t\t\t\t\t<span class=\"field-image-option__label-code\" data-wp-text=\"context.image.letterCode\"><\/span>\n\t\t\t\t\t\t\t\t\t\t<span class=\"field-image-option__label\" data-wp-text=\"context.image.label\" data-wp-bind--hidden=\"!context.image.label\"><\/span>\n\t\t\t\t\t\t\t\t\t<\/div>\n\t\t\t\t\t\t\t\t<\/div>\n\t\t\t\t\t\t\t<\/template>\n\t\t\t\t\t\t<\/div>\n\t\t\t\t\t\t<div class=\"field-files\" data-wp-bind--hidden=\"!context.submission.files\">\n\t\t\t\t\t\t\t<template data-wp-each--file=\"context.submission.files\">\n\t\t\t\t\t\t\t\t<div class=\"field-file\">\n\t\t\t\t\t\t\t\t\t<div class=\"field-file__thumbnail\" data-wp-style--background-image=\"context.file.previewUrl\" data-wp-style--mask-image=\"context.file.iconUrl\" data-wp-bind--hidden=\"!context.file.hasPreview\"><\/div>\n\t\t\t\t\t\t\t\t\t<svg class=\"field-file__icon\" data-wp-bind--hidden=\"context.file.hasPreview\" width=\"20\" height=\"20\" viewBox=\"0 0 24 24\" fill=\"none\" xmlns=\"http:\/\/www.w3.org\/2000\/svg\" aria-hidden=\"true\">\n\t\t\t\t\t\t\t\t\t\t<path d=\"M14 2H6C4.9 2 4 2.9 4 4V20C4 21.1 4.89 22 5.99 22H18C19.1 22 20 21.1 20 20V8L14 2ZM18 20H6V4H13V9H18V20Z\" fill=\"currentColor\"\/>\n\t\t\t\t\t\t\t\t\t<\/svg>\n\t\t\t\t\t\t\t\t\t<span class=\"field-file__name\" data-wp-text=\"context.file.name\"><\/span>\n\t\t\t\t\t\t\t\t\t<span class=\"field-file__size\" data-wp-text=\"context.file.size\"><\/span>\n\t\t\t\t\t\t\t\t<\/div>\n\t\t\t\t\t\t\t<\/template>\n\t\t\t\t\t\t<\/div>\n\t\t\t\t\t<\/div>\n\t\t\t\t<\/template><\/div><form action='https:\/\/rafossfoto.no\/?page_id=16'\n\t\t\t\tid='jp-form-deb7853a5051f0ff9994b73e0b11d36b4f9283cb'\n\t\t\t\tmethod='post'\n\t\t\t\tclass='contact-form commentsblock jetpack-contact-form__form has-no-jetpack-form-layout' aria-label=\"Om meg\"\n\t\t\t\tdata-wp-on--submit=\"actions.onFormSubmit\"\n\t\t\t\tdata-wp-on--reset=\"actions.onFormReset\"\n\t\t\t\tdata-wp-class--submission-success=\"context.submissionSuccess\"\n\t\t\t\tdata-wp-class--is-first-step=\"state.isFirstStep\"\n\t\t\t\tdata-wp-class--is-last-step=\"state.isLastStep\"\n\t\t\t\tdata-wp-class--is-ajax-form=\"context.useAjax\"\n\t\t\t\tnovalidate >\n<input type='hidden' name='jetpack_contact_form_jwt' value='eyJ0eXAiOiJKV1QiLCJhbGciOiJIUzI1NiJ9.eyJlbmNyeXB0ZWRfYXR0cmlidXRlcyI6InJhTGpCMk1oZDQrU0R3RzIxcXpIZFE0RHc1bnc2bkJOSzBGWHlJQ21WSXVkcUgrZDlJWE43OEZmWkgzQkE4NWNWOUg2MkJ0UHRiSEJ4UHZHU1UvdSthUURIUTZuSDZaS1ZtOVpoUmtzN28yZVg2QlVrUkJvWWFtSEVrY2RWUjlJT1NraHdxU1NEeWVWeTJnc1ZmVGttOWF5OFBpS0FkdW9sV2ZwNjY5K245eWF6NW9hTVM0YlBZV0FISHNUQ3RaUDRWR200Rlp0VmhsdFpZakp2NURJY3grOVZNcGV3ZVBOeEdENVg2VHIwSjdzVEZPbmJGSGprZGF0RVhMSGp1ekhzV0x2cDBRTE9OVTdmc3RBbVl6RWZPUXp2dkNPTXMwQUhTSWorKzI2amVDd1JQdkJwUGVVVFN0TTNEOFd3ajRIR24wNTRJU2NKOXNxVFpVYUpIbmZ5cGJLRDVGay9MVVVPRjlCcFhrTk5yekk0QWNkYjZSM04vRDJzdU9JVXpsY3EzcE5odXQrQUFJMGJXd0xDSHRpT1BaQitmUSs4aGQwS2M0MXEwc21lemR1eDYxdVgzMkVQemt0S3JxODdmclAxMTZvT3RJU3F3R0VGNmlYLzAyTmt2Z3M4cGpWMERUaGEwUUhja3dON1E0dkc1RWg2RnNVYUh3MVd4TFkwZjQ5NGhzZ0VPQys0SEYrMXlUejRIaFh0dWZzTm9uM3pUM0p1N1RWY3hENytneUhKZGNzY3o2VGFlRFBpSFNDODhYSDhISlp1c3hVMm93KzBJdW1KNU04U2ptMzBtVmY3UnhSMHNmSHpVbDFpd0oyNHJhMGlBbXQwVGdrejF2SWMvU29CNFphanAwemRNN1JKMklMcXd4MW55ODdzckJNcmFnY0RxL2E4OUpjc0pTVjJKdXp4QWgwWktNSnFHWFlTR1JLQktNVXpYK1hMNUh4SjluczFGVWlhak9BOHJJUEovNDVJc2VtYVlKbTFCTmZLbWo0TG1JWTRTTHVOYmVVdUZCQVlHSXdQZkVPWndVbUlXQlVXWEJCdUVQcEpSMXNVeDRRVXdnRzZxNEphbzBmYklLb2hLTVRTL0wzcGJuclFtTy9vUTVqclVBYlVGSDBua1B0THNqdE40bmMyZGNTeGRITnh5M3dSOVB0NE1QNGV3cFFsSHpyTXhhcXJiK0xZRms9IiwiY29udGVudCI6Iltjb250YWN0LWZpZWxkIGxhYmVsPVwiTmF2blwiIHR5cGU9XCJuYW1lXCIgIHJlcXVpcmVkPVwidHJ1ZVwiIC9dW2NvbnRhY3QtZmllbGQgbGFiZWw9XCJFLXBvc3RcIiB0eXBlPVwiZW1haWxcIiByZXF1aXJlZD1cInRydWVcIiAvXVtjb250YWN0LWZpZWxkIGxhYmVsPVwiTmV0dHN0ZWRcIiB0eXBlPVwidXJsXCIgL11bY29udGFjdC1maWVsZCBsYWJlbD1cIk1lbGRpbmdcIiB0eXBlPVwidGV4dGFyZWFcIiAvXSIsImhhc2giOiJkZWI3ODUzYTUwNTFmMGZmOTk5NGI3M2UwYjExZDM2YjRmOTI4M2NiIiwic291cmNlIjp7ImVudHJ5X3RpdGxlIjoiT20gbWVnIiwiZW50cnlfcGFnZSI6MSwic291cmNlX2lkIjoxNiwic291cmNlX3R5cGUiOiJzaW5nbGUiLCJyZXF1ZXN0X3VybCI6Imh0dHBzOi8vcmFmb3NzZm90by5ubyJ9LCJ2ZXJzaW9uIjoyLCJjaXBoZXIiOiJhZXMtMjU2LWdjbSJ9.c16rZZvowvMTu1OoCtG8B2IqCsc5xDsKWv9AOxz63hM' \/>\n\n<div style=\"\"  data-wp-interactive=\"jetpack\/form\" data-wp-context='{\"fieldId\":\"g16-navn\",\"fieldType\":\"name\",\"fieldLabel\":\"Navn\",\"fieldValue\":\"\",\"fieldPlaceholder\":\"\",\"fieldIsRequired\":\"1\",\"fieldErrorMessage\":\"\",\"fieldExtra\":[],\"formHash\":\"deb7853a5051f0ff9994b73e0b11d36b4f9283cb\"}'  class='grunion-field-name-wrap grunion-field-wrap'  data-wp-init='callbacks.initializeField' data-wp-on--jetpack-form-reset='callbacks.initializeField' >\n<label\n\t\t\t\tfor='g16-navn' class=\"grunion-field-label name\" >Navn<span class=\"grunion-label-required\" aria-hidden=\"true\">(n\u00f8dvendig)<\/span><\/label>\n<input\n\t\t\t\t\ttype='text'\n\t\t\t\t\tname='g16-navn'\n\t\t\t\t\tid='g16-navn'\n\t\t\t\t\tvalue=''\n\n\t\t\t\t\tdata-wp-bind--aria-invalid='state.fieldAriaInvalid'\n\t\t\t\t\tdata-wp-bind--value='state.getFieldValue'\n\t\t\t\t\taria-describedby='g16-navn-text-error-message'\n\t\t\t\t\tdata-wp-on--input='actions.onFieldChange'\n\t\t\t\t\tdata-wp-on--blur='actions.onFieldBlur'\n\t\t\t\t\tdata-wp-class--has-value='state.hasFieldValue'\n\n\t\t\t\t\tclass='name  grunion-field' \n\t\t\t\t\trequired='true' aria-required='true'  \/>\n \n\t\t\t<div id=\"g16-navn-text-error\" class=\"contact-form__input-error\" data-wp-class--has-errors=\"state.fieldHasErrors\">\n\t\t\t\t<span class=\"contact-form__warning-icon\" aria-hidden=\"true\">\n\t\t\t\t\t<svg width=\"16\" height=\"16\" viewBox=\"0 0 16 16\" fill=\"none\" xmlns=\"http:\/\/www.w3.org\/2000\/svg\">\n\t\t\t\t\t\t<path d=\"M8.50015 11.6402H7.50015V10.6402H8.50015V11.6402Z\" \/>\n\t\t\t\t\t\t<path d=\"M7.50015 9.64018H8.50015V6.30684H7.50015V9.64018Z\" \/>\n\t\t\t\t\t\t<path fill-rule=\"evenodd\" clip-rule=\"evenodd\" d=\"M6.98331 3.0947C7.42933 2.30177 8.57096 2.30177 9.01698 3.09469L13.8771 11.7349C14.3145 12.5126 13.7525 13.4735 12.8602 13.4735H3.14004C2.24774 13.4735 1.68575 12.5126 2.12321 11.7349L6.98331 3.0947ZM8.14541 3.58496C8.08169 3.47168 7.9186 3.47168 7.85488 3.58496L2.99478 12.2251C2.93229 12.3362 3.01257 12.4735 3.14004 12.4735H12.8602C12.9877 12.4735 13.068 12.3362 13.0055 12.2251L8.14541 3.58496Z\" \/>\n\t\t\t\t\t<\/svg>\n\t\t\t\t<\/span>\n\t\t\t\t<span data-wp-text=\"state.errorMessage\" id=\"g16-navn-text-error-message\"><\/span>\n\t\t\t<\/div> \n\t<\/div>\n\n<div style=\"\"  data-wp-interactive=\"jetpack\/form\" data-wp-context='{\"fieldId\":\"g16-epost\",\"fieldType\":\"email\",\"fieldLabel\":\"E-post\",\"fieldValue\":\"\",\"fieldPlaceholder\":\"\",\"fieldIsRequired\":\"1\",\"fieldErrorMessage\":\"\",\"fieldExtra\":[],\"formHash\":\"deb7853a5051f0ff9994b73e0b11d36b4f9283cb\"}'  class='grunion-field-email-wrap grunion-field-wrap'  data-wp-init='callbacks.initializeField' data-wp-on--jetpack-form-reset='callbacks.initializeField' >\n<label\n\t\t\t\tfor='g16-epost' class=\"grunion-field-label email\" >E-post<span class=\"grunion-label-required\" aria-hidden=\"true\">(n\u00f8dvendig)<\/span><\/label>\n<input\n\t\t\t\t\ttype='email'\n\t\t\t\t\tname='g16-epost'\n\t\t\t\t\tid='g16-epost'\n\t\t\t\t\tvalue=''\n\n\t\t\t\t\tdata-wp-bind--aria-invalid='state.fieldAriaInvalid'\n\t\t\t\t\tdata-wp-bind--value='state.getFieldValue'\n\t\t\t\t\taria-describedby='g16-epost-email-error-message'\n\t\t\t\t\tdata-wp-on--input='actions.onFieldChange'\n\t\t\t\t\tdata-wp-on--blur='actions.onFieldBlur'\n\t\t\t\t\tdata-wp-class--has-value='state.hasFieldValue'\n\n\t\t\t\t\tclass='email  grunion-field' \n\t\t\t\t\trequired='true' aria-required='true'  \/>\n \n\t\t\t<div id=\"g16-epost-email-error\" class=\"contact-form__input-error\" data-wp-class--has-errors=\"state.fieldHasErrors\">\n\t\t\t\t<span class=\"contact-form__warning-icon\" aria-hidden=\"true\">\n\t\t\t\t\t<svg width=\"16\" height=\"16\" viewBox=\"0 0 16 16\" fill=\"none\" xmlns=\"http:\/\/www.w3.org\/2000\/svg\">\n\t\t\t\t\t\t<path d=\"M8.50015 11.6402H7.50015V10.6402H8.50015V11.6402Z\" \/>\n\t\t\t\t\t\t<path d=\"M7.50015 9.64018H8.50015V6.30684H7.50015V9.64018Z\" \/>\n\t\t\t\t\t\t<path fill-rule=\"evenodd\" clip-rule=\"evenodd\" d=\"M6.98331 3.0947C7.42933 2.30177 8.57096 2.30177 9.01698 3.09469L13.8771 11.7349C14.3145 12.5126 13.7525 13.4735 12.8602 13.4735H3.14004C2.24774 13.4735 1.68575 12.5126 2.12321 11.7349L6.98331 3.0947ZM8.14541 3.58496C8.08169 3.47168 7.9186 3.47168 7.85488 3.58496L2.99478 12.2251C2.93229 12.3362 3.01257 12.4735 3.14004 12.4735H12.8602C12.9877 12.4735 13.068 12.3362 13.0055 12.2251L8.14541 3.58496Z\" \/>\n\t\t\t\t\t<\/svg>\n\t\t\t\t<\/span>\n\t\t\t\t<span data-wp-text=\"state.errorMessage\" id=\"g16-epost-email-error-message\"><\/span>\n\t\t\t<\/div> \n\t<\/div>\n\n<div style=\"\"  data-wp-interactive=\"jetpack\/form\" data-wp-context='{\"fieldId\":\"g16-nettsted\",\"fieldType\":\"url\",\"fieldLabel\":\"Nettsted\",\"fieldValue\":\"\",\"fieldPlaceholder\":\"\",\"fieldIsRequired\":\"\",\"fieldErrorMessage\":\"\",\"fieldExtra\":[],\"formHash\":\"deb7853a5051f0ff9994b73e0b11d36b4f9283cb\"}'  class='grunion-field-url-wrap grunion-field-wrap'  data-wp-init='callbacks.initializeField' data-wp-on--jetpack-form-reset='callbacks.initializeField' >\n<label\n\t\t\t\tfor='g16-nettsted' class=\"grunion-field-label url\" >Nettsted<\/label>\n<input\n\t\t\t\t\ttype='text'\n\t\t\t\t\tname='g16-nettsted'\n\t\t\t\t\tid='g16-nettsted'\n\t\t\t\t\tvalue=''\n\n\t\t\t\t\tdata-wp-bind--aria-invalid='state.fieldAriaInvalid'\n\t\t\t\t\tdata-wp-bind--value='state.getFieldValue'\n\t\t\t\t\taria-describedby='g16-nettsted-text-error-message'\n\t\t\t\t\tdata-wp-on--input='actions.onFieldChange'\n\t\t\t\t\tdata-wp-on--blur='actions.onFieldBlur'\n\t\t\t\t\tdata-wp-class--has-value='state.hasFieldValue'\n\n\t\t\t\t\tclass='url  grunion-field' \n\t\t\t\t\t \/>\n \n\t\t\t<div id=\"g16-nettsted-text-error\" class=\"contact-form__input-error\" data-wp-class--has-errors=\"state.fieldHasErrors\">\n\t\t\t\t<span class=\"contact-form__warning-icon\" aria-hidden=\"true\">\n\t\t\t\t\t<svg width=\"16\" height=\"16\" viewBox=\"0 0 16 16\" fill=\"none\" xmlns=\"http:\/\/www.w3.org\/2000\/svg\">\n\t\t\t\t\t\t<path d=\"M8.50015 11.6402H7.50015V10.6402H8.50015V11.6402Z\" \/>\n\t\t\t\t\t\t<path d=\"M7.50015 9.64018H8.50015V6.30684H7.50015V9.64018Z\" \/>\n\t\t\t\t\t\t<path fill-rule=\"evenodd\" clip-rule=\"evenodd\" d=\"M6.98331 3.0947C7.42933 2.30177 8.57096 2.30177 9.01698 3.09469L13.8771 11.7349C14.3145 12.5126 13.7525 13.4735 12.8602 13.4735H3.14004C2.24774 13.4735 1.68575 12.5126 2.12321 11.7349L6.98331 3.0947ZM8.14541 3.58496C8.08169 3.47168 7.9186 3.47168 7.85488 3.58496L2.99478 12.2251C2.93229 12.3362 3.01257 12.4735 3.14004 12.4735H12.8602C12.9877 12.4735 13.068 12.3362 13.0055 12.2251L8.14541 3.58496Z\" \/>\n\t\t\t\t\t<\/svg>\n\t\t\t\t<\/span>\n\t\t\t\t<span data-wp-text=\"state.errorMessage\" id=\"g16-nettsted-text-error-message\"><\/span>\n\t\t\t<\/div> \n\t<\/div>\n\n<div style=\"\"  data-wp-interactive=\"jetpack\/form\" data-wp-context='{\"fieldId\":\"g16-melding\",\"fieldType\":\"textarea\",\"fieldLabel\":\"Melding\",\"fieldValue\":\"\",\"fieldPlaceholder\":\"\",\"fieldIsRequired\":\"\",\"fieldErrorMessage\":\"\",\"fieldExtra\":[],\"formHash\":\"deb7853a5051f0ff9994b73e0b11d36b4f9283cb\"}'  class='grunion-field-textarea-wrap grunion-field-wrap'  data-wp-init='callbacks.initializeField' data-wp-on--jetpack-form-reset='callbacks.initializeField' >\n<label\n\t\t\t\tfor='contact-form-comment-g16-melding' class=\"grunion-field-label textarea\" >Melding<\/label>\n<textarea\n\t\t                style=''\n\t\t                name='g16-melding'\n\t\t                id='contact-form-comment-g16-melding'\n\t\t                rows='20'\n\t\t\t\t\t\tdata-wp-text='state.getFieldValue'\n\t\t\t\t\t\tdata-wp-on--input='actions.onFieldChange'\n\t\t\t\t\t\tdata-wp-on--blur='actions.onFieldBlur'\n\t\t\t\t\t\tdata-wp-class--has-value='state.hasFieldValue'\n\t\t\t\t\t\taria-describedby='g16-melding-textarea-error-message'\n\t\t\t\t\t\tdata-wp-bind--aria-invalid='state.fieldAriaInvalid'\n\t\t\t\t\t\tclass='textarea  grunion-field'  ><\/textarea>\n \n\t\t\t<div id=\"g16-melding-textarea-error\" class=\"contact-form__input-error\" data-wp-class--has-errors=\"state.fieldHasErrors\">\n\t\t\t\t<span class=\"contact-form__warning-icon\" aria-hidden=\"true\">\n\t\t\t\t\t<svg width=\"16\" height=\"16\" viewBox=\"0 0 16 16\" fill=\"none\" xmlns=\"http:\/\/www.w3.org\/2000\/svg\">\n\t\t\t\t\t\t<path d=\"M8.50015 11.6402H7.50015V10.6402H8.50015V11.6402Z\" \/>\n\t\t\t\t\t\t<path d=\"M7.50015 9.64018H8.50015V6.30684H7.50015V9.64018Z\" \/>\n\t\t\t\t\t\t<path fill-rule=\"evenodd\" clip-rule=\"evenodd\" d=\"M6.98331 3.0947C7.42933 2.30177 8.57096 2.30177 9.01698 3.09469L13.8771 11.7349C14.3145 12.5126 13.7525 13.4735 12.8602 13.4735H3.14004C2.24774 13.4735 1.68575 12.5126 2.12321 11.7349L6.98331 3.0947ZM8.14541 3.58496C8.08169 3.47168 7.9186 3.47168 7.85488 3.58496L2.99478 12.2251C2.93229 12.3362 3.01257 12.4735 3.14004 12.4735H12.8602C12.9877 12.4735 13.068 12.3362 13.0055 12.2251L8.14541 3.58496Z\" \/>\n\t\t\t\t\t<\/svg>\n\t\t\t\t<\/span>\n\t\t\t\t<span data-wp-text=\"state.errorMessage\" id=\"g16-melding-textarea-error-message\"><\/span>\n\t\t\t<\/div>\n\t<\/div>\n\t<p class='contact-submit'>\n<div class=\"contact-form__error\" data-wp-class--show-errors=\"state.showFormErrors\"><span class=\"contact-form__warning-icon\" aria-hidden=\"true\"><i><\/i><\/span><span class=\"contact-form__error-message\" tabindex=\"-1\" data-wp-watch=\"callbacks.focusOnValidationError\" data-wp-text=\"state.getFormErrorMessage\"><\/span><ul aria-label=\"Form errors\">\n\t\t\t\t<template data-wp-each=\"state.getErrorList\" data-wp-key=\"context.item.id\">\n\t\t\t\t\t<li><a data-wp-bind--href=\"context.item.anchor\" data-wp-on--click=\"actions.scrollIntoView\" data-wp-text=\"context.item.label\"><\/a><\/li>\n\t\t\t\t<\/template>\n\t\t\t\t<\/ul><\/div><div class=\"contact-form__error\" data-wp-class--show-errors=\"state.showSubmissionError\" data-wp-text=\"context.submissionError\" tabindex=\"-1\" data-wp-watch=\"callbacks.focusOnSubmissionError\"><\/div>\t\t<button type='submit' class='pushbutton-wide'>Send inn<\/button>\t\t<input type='hidden' name='contact-form-id' value='16' \/>\n\t\t<input type='hidden' name='action' value='grunion-contact-form' \/>\n\t\t<input type='hidden' name='contact-form-hash' value='deb7853a5051f0ff9994b73e0b11d36b4f9283cb' \/>\n\t<\/p>\n<p style=\"display: none !important;\" class=\"akismet-fields-container\" data-prefix=\"ak_\"><label>&#916;<textarea name=\"ak_hp_textarea\" cols=\"45\" rows=\"8\" maxlength=\"100\"><\/textarea><\/label><input type=\"hidden\" id=\"ak_js_1\" name=\"ak_js\" value=\"141\"\/><script>\ndocument.getElementById( \"ak_js_1\" ).setAttribute( \"value\", ( new Date() ).getTime() );\n<\/script>\n<\/p><\/form>\n<\/div>\n","protected":false},"excerpt":{"rendered":"<p>&nbsp; Mitt navn er Jan Ivar Rafoss. Jeg er innehaver av Rafoss Foto som siden 2012 har drevet med salg av bilder til mediehus. Jeg har siden jeg var liten v\u00e6rt glad i \u00e5 ta bilder. Naturbilder er det jeg liker mest \u00e5 ta, og jeg har alltid hatt en trang til \u00e5 f\u00e5 frem &hellip; <a href=\"https:\/\/rafossfoto.no\/?page_id=16\" class=\"more-link\">Fortsett \u00e5 lese<span class=\"screen-reader-text\"> \u00abOm meg\u00bb<\/span><\/a><\/p>\n","protected":false},"author":1,"featured_media":0,"parent":0,"menu_order":0,"comment_status":"closed","ping_status":"closed","template":"","meta":{"footnotes":""},"class_list":["post-16","page","type-page","status-publish","hentry"],"jetpack_sharing_enabled":true,"_links":{"self":[{"href":"https:\/\/rafossfoto.no\/index.php?rest_route=\/wp\/v2\/pages\/16","targetHints":{"allow":["GET"]}}],"collection":[{"href":"https:\/\/rafossfoto.no\/index.php?rest_route=\/wp\/v2\/pages"}],"about":[{"href":"https:\/\/rafossfoto.no\/index.php?rest_route=\/wp\/v2\/types\/page"}],"author":[{"embeddable":true,"href":"https:\/\/rafossfoto.no\/index.php?rest_route=\/wp\/v2\/users\/1"}],"replies":[{"embeddable":true,"href":"https:\/\/rafossfoto.no\/index.php?rest_route=%2Fwp%2Fv2%2Fcomments&post=16"}],"version-history":[{"count":3,"href":"https:\/\/rafossfoto.no\/index.php?rest_route=\/wp\/v2\/pages\/16\/revisions"}],"predecessor-version":[{"id":63,"href":"https:\/\/rafossfoto.no\/index.php?rest_route=\/wp\/v2\/pages\/16\/revisions\/63"}],"wp:attachment":[{"href":"https:\/\/rafossfoto.no\/index.php?rest_route=%2Fwp%2Fv2%2Fmedia&parent=16"}],"curies":[{"name":"wp","href":"https:\/\/api.w.org\/{rel}","templated":true}]}}